{"id":983,"date":"2020-02-07T21:08:48","date_gmt":"2020-02-07T20:08:48","guid":{"rendered":"https:\/\/villaveli.neuwerk.com\/?page_id=983"},"modified":"2020-04-01T20:33:29","modified_gmt":"2020-04-01T18:33:29","slug":"arrival","status":"publish","type":"page","link":"https:\/\/villaveli.com\/en\/arrival","title":{"rendered":"Imprint"},"content":{"rendered":"<p><a href=\"https:\/\/villaveli.com\/wp-content\/uploads\/2020\/01\/1425765407757.jpg\" data-elementor-open-lightbox=\"yes\" data-elementor-lightbox-title=\"1425765407757\"><br \/>\n\t\t\t\t\t\t\t<img decoding=\"async\" src=\"https:\/\/villaveli.com\/wp-content\/uploads\/elementor\/thumbs\/1425765407757-oj3u7jj5sba7yh6sxgr3jq570kn1q0glackksfjplk.jpg\" title=\"1425765407757\" alt=\"1425765407757\" \/>\t\t\t\t\t\t\t\t<\/a><\/p>\n<h2>Imprint<\/h2>\n<p>ANGABEN NACH \u00a7 6 TDG\/MDSTV: ANA BEGOVI\u0106<\/p>\n<p>\u00a9 Copyright 2020 by &nbsp;Begovi\u0107<\/p>\n<p>BEGOVI\u0106 Foto j.d.o.o.<\/p>\n<p>Zavala 130<\/p>\n<p>21465 Jelsa<\/p>\n<p>Hrvatska<\/p>\n<p>Mobil HR : +385 (0) 98 164 74 22<\/p>\n<p>E-Mail: mail@VillaVeli.com<\/p>\n<p>Internet: www.VillaVeli.com<\/p>\n<p>Fotos: \u00a9 D. Begovi\u0107<\/p>\n<p>Informationen zu den Seiteninhalten<\/p>\n<p>Externe Links: Die Inhalte externer Links werden von uns nicht gepr\u00fcft. Sie unterliegen der Haftung der jeweiligen Anbieter. Datenschutzhinweise: Alle auf dieser Website genannten Personen widersprechen hiermit jeder kommerziellen Verwendung und Weitergabe ihrer Daten (vgl. \u00a7 28 BDSG). All persons who are mentioned on this website strongly object any use of their addresses for commercial purposes. (\u00a7 28 of the German Federal Law on the Protection of Privacy).<\/p>\n<p>Urheberrechtshinweise:<\/p>\n<p>Alle auf dieser Website ver\u00f6ffentlichten Beitr\u00e4ge und Abbildungen sind urheberrechtlich gesch\u00fctzt. Jede vom Urheberrechtsgesetz nicht zugelassene Verwertung bedarf vorheriger schriftlicher Zustimmung der Anbieter. Dies gilt insbesondere f\u00fcr Vervielf\u00e4ltigung, Bearbeitung, \u00dcbersetzung, Einspeicherung, Verarbeitung bzw. Wiedergabe von Inhalten in Datenbanken oder anderen elektronischen Medien und Systemen. Fotokopien und Downloads von Websites d\u00fcrfen nur f\u00fcr den pers\u00f6nlichen privaten und nicht kommerziellen Gebrauch hergestellt werden.<\/p>\n<p>Unverbindlichkeit der Informationen:&nbsp;<\/p>\n<p>Die Inhalte dieser Website werden mit gr\u00f6\u00dft m\u00f6glicher Sorgfalt recherchiert. Gleichwohl \u00fcbernimmt der Anbieter keine Haftung f\u00fcr die Richtigkeit, Vollst\u00e4ndigkeit und Aktualit\u00e4t der bereitgestellten Informationen. Die Beitr\u00e4ge geben die Meinungen des jeweiligen Autors wieder.<\/p>\n<p>\u00a9 Copyright 2020 by D. Begovi\u0107<\/p>\n<h3>Datenschutz<\/h3>\n<p>DATENSCHUTZERKL\u00c4RUNG<\/p>\n<p>Verantwortliche Stelle im Sinne der Datenschutzgesetze, insbesondere der EU-Datenschutzgrundverordnung (DSGVO), ist:<\/p>\n<p>D. Begovi\u0107<\/p>\n<p>Ihre Betroffenenrechte<\/p>\n<p>Unter den angegebenen Kontaktdaten unseres Datenschutzbeauftragten k\u00f6nnen Sie jederzeit folgende Rechte aus\u00fcben:<\/p>\n<p>Auskunft \u00fcber Ihre bei uns gespeicherten Daten und deren Verarbeitung,<\/p>\n<p>Berichtigung unrichtiger personenbezogener Daten,<\/p>\n<p>L\u00f6schung Ihrer bei uns gespeicherten Daten,<\/p>\n<p>Einschr\u00e4nkung der Datenverarbeitung, sofern wir Ihre Daten aufgrund gesetzlicher Pflichten noch nicht l\u00f6schen d\u00fcrfen,<\/p>\n<p>Widerspruch gegen die Verarbeitung Ihrer Daten bei uns und<\/p>\n<p>Daten\u00fcbertragbarkeit, sofern Sie in die Datenverarbeitung eingewilligt haben oder einen Vertrag mit uns abgeschlossen haben.<\/p>\n<p>Sofern Sie uns eine Einwilligung erteilt haben, k\u00f6nnen Sie diese jederzeit mit Wirkung f\u00fcr die Zukunft widerrufen.<\/p>\n<p>Sie k\u00f6nnen sich jederzeit mit einer Beschwerde an die f\u00fcr Sie zust\u00e4ndige Aufsichtsbeh\u00f6rde wenden. Ihre zust\u00e4ndige Aufsichtsbeh\u00f6rde richtet sich nach dem Bundesland Ihres Wohnsitzes, Ihrer Arbeit oder der mutma\u00dflichen Verletzung. Eine Liste der Aufsichtsbeh\u00f6rden (f\u00fcr den nicht\u00f6ffentlichen Bereich) mit Anschrift finden Sie unter: https:\/\/www.bfdi.bund.de\/DE\/Infothek\/Anschriften_Links\/anschriften_links-node.html.<\/p>\n<p>Zwecke der Datenverarbeitung durch die verantwortliche Stelle und Dritte<\/p>\n<p>Wir verarbeiten Ihre personenbezogenen Daten nur zu den in dieser Datenschutzerkl\u00e4rung genannten Zwecken. Eine \u00dcbermittlung Ihrer pers\u00f6nlichen Daten an Dritte zu anderen als den genannten Zwecken findet nicht statt. Wir geben Ihre pers\u00f6nlichen Daten nur an Dritte weiter, wenn:<\/p>\n<p>Sie Ihre ausdr\u00fcckliche Einwilligung dazu erteilt haben,<\/p>\n<p>die Verarbeitung zur Abwicklung eines Vertrags mit Ihnen erforderlich ist,<\/p>\n<p>die Verarbeitung zur Erf\u00fcllung einer rechtlichen Verpflichtung erforderlich ist,<\/p>\n<p>die Verarbeitung zur Wahrung berechtigter Interessen erforderlich ist und kein Grund zur Annahme besteht, dass Sie ein \u00fcberwiegendes schutzw\u00fcrdiges Interesse an der Nichtweitergabe Ihrer Daten haben.<\/p>\n<p>L\u00f6schung bzw. Sperrung der Daten<\/p>\n<p>Wir halten uns an die Grunds\u00e4tze der Datenvermeidung und Datensparsamkeit. Wir speichern Ihre personenbezogenen Daten daher nur so lange, wie dies zur Erreichung der hier genannten Zwecke erforderlich ist oder wie es die vom Gesetzgeber vorgesehenen vielf\u00e4ltigen Speicherfristen vorsehen. Nach Fortfall des jeweiligen Zweckes bzw. Ablauf dieser Fristen werden die entsprechenden Daten routinem\u00e4\u00dfig und entsprechend den gesetzlichen Vorschriften gesperrt oder gel\u00f6scht.<\/p>\n<p>Cookies<\/p>\n<p>Wie viele andere Webseiten verwenden wir auch so genannte \u201eCookies\u201c. Cookies sind kleine Textdateien, die von einem Websiteserver auf Ihre Festplatte \u00fcbertragen werden. Hierdurch erhalten wir automatisch bestimmte Daten wie z. B. IP-Adresse, verwendeter Browser, Betriebssystem und Ihre Verbindung zum Internet.<\/p>\n<p>Cookies k\u00f6nnen nicht verwendet werden, um Programme zu starten oder Viren auf einen Computer zu \u00fcbertragen. Anhand der in Cookies enthaltenen Informationen k\u00f6nnen wir Ihnen die Navigation erleichtern und die korrekte Anzeige unserer Webseiten erm\u00f6glichen.<\/p>\n<p>In keinem Fall werden die von uns erfassten Daten an Dritte weitergegeben oder ohne Ihre Einwilligung eine Verkn\u00fcpfung mit personenbezogenen Daten hergestellt.<\/p>\n<p>Nat\u00fcrlich k\u00f6nnen Sie unsere Website grunds\u00e4tzlich auch ohne Cookies betrachten. Internet-Browser sind regelm\u00e4\u00dfig so eingestellt, dass sie Cookies akzeptieren. Im Allgemeinen k\u00f6nnen Sie die Verwendung von Cookies jederzeit \u00fcber die Einstellungen Ihres Browsers deaktivieren. Bitte verwenden Sie die Hilfefunktionen Ihres Internetbrowsers, um zu erfahren, wie Sie diese Einstellungen \u00e4ndern k\u00f6nnen. Bitte beachten Sie, dass einzelne Funktionen unserer Website m\u00f6glicherweise nicht funktionieren, wenn Sie die Verwendung von Cookies deaktiviert haben.<\/p>\n<p>Erbringung kostenpflichtiger Leistungen<\/p>\n<p>Zur Erbringung kostenpflichtiger Leistungen werden von uns zus\u00e4tzliche Daten erfragt, wie z.B. Zahlungsangaben, um Ihre Bestellung ausf\u00fchren zu k\u00f6nnen. Wir speichern diese Daten in unseren Systemen bis die gesetzlichen Aufbewahrungsfristen abgelaufen sind.<\/p>\n<p>SSL-Verschl\u00fcsselung<\/p>\n<p>Um die Sicherheit Ihrer Daten bei der \u00dcbertragung zu sch\u00fctzen, verwenden wir dem aktuellen Stand der Technik entsprechende Verschl\u00fcsselungsverfahren (z. B. SSL) \u00fcber HTTPS.<\/p>\n<p>Kontaktformular<\/p>\n<p>Treten Sie bzgl. Fragen jeglicher Art per E-Mail oder Kontaktformular mit uns in Kontakt, erteilen Sie uns zum Zwecke der Kontaktaufnahme Ihre freiwillige Einwilligung. Hierf\u00fcr ist die Angabe einer validen E-Mail-Adresse erforderlich. Diese dient der Zuordnung der Anfrage und der anschlie\u00dfenden Beantwortung derselben. Die Angabe weiterer Daten ist optional. Die von Ihnen gemachten Angaben werden zum Zwecke der Bearbeitung der Anfrage sowie f\u00fcr m\u00f6gliche Anschlussfragen gespeichert. Nach Erledigung der von Ihnen gestellten Anfrage werden personenbezogene Daten automatisch gel\u00f6scht.<\/p>\n<p>Verwendung von Scriptbibliotheken (Google Webfonts)<\/p>\n<p>Um unsere Inhalte browser\u00fcbergreifend korrekt und grafisch ansprechend darzustellen, verwenden wir auf dieser Website Scriptbibliotheken und Schriftbibliotheken wie z. B. Google Webfonts (https:\/\/www.google.com\/webfonts\/). Google Webfonts werden zur Vermeidung mehrfachen Ladens in den Cache Ihres Browsers \u00fcbertragen. Falls der Browser die Google Webfonts nicht unterst\u00fctzt oder den Zugriff unterbindet, werden Inhalte in einer Standardschrift angezeigt.<\/p>\n<p>Der Aufruf von Scriptbibliotheken oder Schriftbibliotheken l\u00f6st automatisch eine Verbindung zum Betreiber der Bibliothek aus. Dabei ist es theoretisch m\u00f6glich \u2013 aktuell allerdings auch unklar ob und ggf. zu welchen Zwecken \u2013 dass Betreiber entsprechender Bibliotheken Daten erheben.<\/p>\n<p>Die Datenschutzrichtlinie des Bibliothekbetreibers Google finden Sie hier: https:\/\/www.google.com\/policies\/privacy\/<\/p>\n<p>Verwendung von Google Maps<\/p>\n<p>Diese Webseite verwendet Google Maps API, um geographische Informationen visuell darzustellen. Bei der Nutzung von Google Maps werden von Google auch Daten \u00fcber die Nutzung der Kartenfunktionen durch Besucher erhoben, verarbeitet und genutzt. N\u00e4here Informationen \u00fcber die Datenverarbeitung durch Google k\u00f6nnen Sie den Google-Datenschutzhinweisen entnehmen. Dort k\u00f6nnen Sie im Datenschutzcenter auch Ihre pers\u00f6nlichen Datenschutz-Einstellungen ver\u00e4ndern.<\/p>\n<p>Ausf\u00fchrliche Anleitungen zur Verwaltung der eigenen Daten im Zusammenhang mit Google-Produkten finden Sie hier.<\/p>\n<p>\u00c4nderung unserer Datenschutzbestimmungen<\/p>\n<p>Wir behalten uns vor, diese Datenschutzerkl\u00e4rung anzupassen, damit sie stets den aktuellen rechtlichen Anforderungen entspricht oder um \u00c4nderungen unserer Leistungen in der Datenschutzerkl\u00e4rung umzusetzen, z.B. bei der Einf\u00fchrung neuer Services. F\u00fcr Ihren erneuten Besuch gilt dann die neue Datenschutzerkl\u00e4rung.<\/p>\n<p>Fragen an den Datenschutzbeauftragten<\/p>\n<p>Wenn Sie Fragen zum Datenschutz haben, schreiben Sie uns bitte eine E-Mail oder wenden Sie sich direkt an die f\u00fcr den Datenschutz verantwortliche Person in unserer Organisation:<\/p>\n<p>Die Datenschutzerkl\u00e4rung wurde mit dem Datenschutzerkl\u00e4rungs-Generator der activeMind AG erstellt.<\/p>\n<p>\t\t\t\t\t\t\t<a href=\"https:\/\/villaveli.com\/wp-content\/uploads\/2020\/01\/1450624238424.jpg\" data-elementor-lightbox-slideshow=\"7ef43362\" data-elementor-lightbox-index=\"0\"><br \/>\n\t\t<\/a><br \/>\n\t\t\t\t\t\t\t<a href=\"https:\/\/villaveli.com\/wp-content\/uploads\/2020\/01\/1432567069120.jpg\" data-elementor-lightbox-slideshow=\"7ef43362\" data-elementor-lightbox-index=\"1\"><br \/>\n\t\t<\/a><br \/>\n\t\t\t\t\t\t\t<a href=\"https:\/\/villaveli.com\/wp-content\/uploads\/2020\/01\/1432566551198.jpg\" data-elementor-lightbox-slideshow=\"7ef43362\" data-elementor-lightbox-index=\"2\"><br \/>\n\t\t<\/a><br \/>\n\t\t\t\t\t\t\t<a href=\"https:\/\/villaveli.com\/wp-content\/uploads\/2020\/01\/1450623739238.jpg\" data-elementor-lightbox-slideshow=\"7ef43362\" data-elementor-lightbox-index=\"3\"><br \/>\n\t\t<\/a><br \/>\n\t\t\t\t\t\t\t<a href=\"https:\/\/villaveli.com\/wp-content\/uploads\/2020\/01\/1450624238424.jpg\" data-elementor-lightbox-slideshow=\"7ef43362\" data-elementor-lightbox-index=\"4\"><br \/>\n\t\t<\/a><br \/>\n\t\t\t\t\t\t\t<a href=\"https:\/\/villaveli.com\/wp-content\/uploads\/2020\/01\/1450624843231.jpg\" data-elementor-lightbox-slideshow=\"7ef43362\" data-elementor-lightbox-index=\"5\"><br \/>\n\t\t<\/a><br \/>\n\t\t\t\t\t\t\t<a href=\"https:\/\/villaveli.com\/wp-content\/uploads\/2020\/01\/1496952353863.jpg\" data-elementor-lightbox-slideshow=\"7ef43362\" data-elementor-lightbox-index=\"6\"><br \/>\n\t\t<\/a><br \/>\n\t\t\t\t\t\t\t<a href=\"https:\/\/villaveli.com\/wp-content\/uploads\/2020\/01\/1450625829536.jpg\" data-elementor-lightbox-slideshow=\"7ef43362\" data-elementor-lightbox-index=\"7\"><br \/>\n\t\t<\/a><br \/>\n\t\t\t\t\t\t\tPrevious<br \/>\n\t\t\t\t\t\t\tNext<br \/>\n\t\t\n    <div class=\"scroll-top-container\">\n        <div class=\"scroll-top-container-left\"><hr class=\"dotted\"><\/div>\n        <div class=\"scroll-top-container-item\">\n            <a href=\"#top\"><span>Scroll Top<\/span><\/a>\n        <\/div>\n        <div class=\"scroll-top-container-right\"><hr class=\"dotted\"><\/div>\n    <\/div>\t\t<\/p>\n<h4>Idyllic location in the Mediterranean<\/h4>\n<p>Multiple small beaches in the immediate neighborhood offer different ways to explore and experience the beautiful ocean \u2014 including snorkeling amongst the active options, but also relaxed sun bathing. Most of the beaches are easy to walk to in minutes.<\/p>\n<h5>\n\t\t\t\t\t\t\t\t\tVilla Veli\t\t\t\t\t\t\t\t<\/h5>\n<\/p>\n\n    <div class=\"scroll-top-container\">\n        <div class=\"scroll-top-container-left\"><hr class=\"dotted\"><\/div>\n        <div class=\"scroll-top-container-item\">\n            <a href=\"#top\"><span>Scroll Top<\/span><\/a>\n        <\/div>\n        <div class=\"scroll-top-container-right\"><hr class=\"dotted\"><\/div>\n    <\/div>\n","protected":false},"excerpt":{"rendered":"<p>Imprint ANGABEN NACH \u00a7 6 TDG\/MDSTV: ANA BEGOVI\u0106 \u00a9 Copyright 2020 by &nbsp;Begovi\u0107 BEGOVI\u0106 Foto j.d.o.o. Zavala 130 21465 Jelsa Hrvatska Mobil HR : +385 (0) 98 164 74 22 E-Mail: mail@VillaVeli.com Internet: www.VillaVeli.com Fotos: \u00a9 D. Begovi\u0107 Informationen zu den Seiteninhalten Externe Links: Die Inhalte externer Links werden von uns nicht gepr\u00fcft. Sie unterliegen [&hellip;]<\/p>\n","protected":false},"author":2,"featured_media":0,"parent":0,"menu_order":40,"comment_status":"closed","ping_status":"closed","template":"","meta":{"ocean_post_layout":"","ocean_both_sidebars_style":"","ocean_both_sidebars_content_width":0,"ocean_both_sidebars_sidebars_width":0,"ocean_sidebar":"0","ocean_second_sidebar":"0","ocean_disable_margins":"enable","ocean_add_body_class":"","ocean_shortcode_before_top_bar":"","ocean_shortcode_after_top_bar":"","ocean_shortcode_before_header":"","ocean_shortcode_after_header":"","ocean_has_shortcode":"","ocean_shortcode_after_title":"","ocean_shortcode_before_footer_widgets":"","ocean_shortcode_after_footer_widgets":"","ocean_shortcode_before_footer_bottom":"","ocean_shortcode_after_footer_bottom":"","ocean_display_top_bar":"default","ocean_display_header":"default","ocean_header_style":"","ocean_center_header_left_menu":"0","ocean_custom_header_template":"0","ocean_custom_logo":0,"ocean_custom_retina_logo":0,"ocean_custom_logo_max_width":0,"ocean_custom_logo_tablet_max_width":0,"ocean_custom_logo_mobile_max_width":0,"ocean_custom_logo_max_height":0,"ocean_custom_logo_tablet_max_height":0,"ocean_custom_logo_mobile_max_height":0,"ocean_header_custom_menu":"0","ocean_menu_typo_font_family":"0","ocean_menu_typo_font_subset":"","ocean_menu_typo_font_size":0,"ocean_menu_typo_font_size_tablet":0,"ocean_menu_typo_font_size_mobile":0,"ocean_menu_typo_font_size_unit":"px","ocean_menu_typo_font_weight":"","ocean_menu_typo_font_weight_tablet":"","ocean_menu_typo_font_weight_mobile":"","ocean_menu_typo_transform":"","ocean_menu_typo_transform_tablet":"","ocean_menu_typo_transform_mobile":"","ocean_menu_typo_line_height":0,"ocean_menu_typo_line_height_tablet":0,"ocean_menu_typo_line_height_mobile":0,"ocean_menu_typo_line_height_unit":"","ocean_menu_typo_spacing":0,"ocean_menu_typo_spacing_tablet":0,"ocean_menu_typo_spacing_mobile":0,"ocean_menu_typo_spacing_unit":"","ocean_menu_link_color":"","ocean_menu_link_color_hover":"","ocean_menu_link_color_active":"","ocean_menu_link_background":"","ocean_menu_link_hover_background":"","ocean_menu_link_active_background":"","ocean_menu_social_links_bg":"","ocean_menu_social_hover_links_bg":"","ocean_menu_social_links_color":"","ocean_menu_social_hover_links_color":"","ocean_disable_title":"default","ocean_disable_heading":"default","ocean_post_title":"","ocean_post_subheading":"","ocean_post_title_style":"","ocean_post_title_background_color":"","ocean_post_title_background":0,"ocean_post_title_bg_image_position":"","ocean_post_title_bg_image_attachment":"","ocean_post_title_bg_image_repeat":"","ocean_post_title_bg_image_size":"","ocean_post_title_height":0,"ocean_post_title_bg_overlay":0.5,"ocean_post_title_bg_overlay_color":"","ocean_disable_breadcrumbs":"default","ocean_breadcrumbs_color":"","ocean_breadcrumbs_separator_color":"","ocean_breadcrumbs_links_color":"","ocean_breadcrumbs_links_hover_color":"","ocean_display_footer_widgets":"default","ocean_display_footer_bottom":"default","ocean_custom_footer_template":"0","footnotes":""},"class_list":["post-983","page","type-page","status-publish","hentry","entry"],"yoast_head":"<!-- This site is optimized with the Yoast SEO plugin v27.3 - https:\/\/yoast.com\/product\/yoast-seo-wordpress\/ -->\n<title>Croatia Hvar holiday vacation guesthouse hotel rooms seaview beach<\/title>\n<meta name=\"description\" content=\"Villa veli nova croatia hvar jelsa zavala beach rooms apartment seaview beach sea adriatic wine beer food breakfast romantic cool harbor port village\" \/>\n<meta name=\"robots\" content=\"index, follow, max-snippet:-1, max-image-preview:large, max-video-preview:-1\" \/>\n<link rel=\"canonical\" href=\"https:\/\/villaveli.com\/en\/arrival\" \/>\n<meta property=\"og:locale\" content=\"en_US\" \/>\n<meta property=\"og:type\" content=\"article\" \/>\n<meta property=\"og:title\" content=\"Croatia Hvar holiday vacation guesthouse hotel rooms seaview beach\" \/>\n<meta property=\"og:description\" content=\"Villa veli nova croatia hvar jelsa zavala beach rooms apartment seaview beach sea adriatic wine beer food breakfast romantic cool harbor port village\" \/>\n<meta property=\"og:url\" content=\"https:\/\/villaveli.com\/en\/arrival\" \/>\n<meta property=\"og:site_name\" content=\"Villa Veli\" \/>\n<meta property=\"article:modified_time\" content=\"2020-04-01T18:33:29+00:00\" \/>\n<meta property=\"og:image\" content=\"https:\/\/villaveli.com\/wp-content\/uploads\/elementor\/thumbs\/1425765407757-oj3u7jj5sba7yh6sxgr3jq570kn1q0glackksfjplk.jpg\" \/>\n<meta name=\"twitter:card\" content=\"summary_large_image\" \/>\n<meta name=\"twitter:label1\" content=\"Est. reading time\" \/>\n\t<meta name=\"twitter:data1\" content=\"6 minutes\" \/>\n<script type=\"application\/ld+json\" class=\"yoast-schema-graph\">{\"@context\":\"https:\\\/\\\/schema.org\",\"@graph\":[{\"@type\":\"WebPage\",\"@id\":\"https:\\\/\\\/villaveli.com\\\/en\\\/arrival\",\"url\":\"https:\\\/\\\/villaveli.com\\\/en\\\/arrival\",\"name\":\"Croatia Hvar holiday vacation guesthouse hotel rooms seaview beach\",\"isPartOf\":{\"@id\":\"https:\\\/\\\/villaveli.com\\\/en#website\"},\"primaryImageOfPage\":{\"@id\":\"https:\\\/\\\/villaveli.com\\\/en\\\/arrival#primaryimage\"},\"image\":{\"@id\":\"https:\\\/\\\/villaveli.com\\\/en\\\/arrival#primaryimage\"},\"thumbnailUrl\":\"https:\\\/\\\/villaveli.com\\\/wp-content\\\/uploads\\\/elementor\\\/thumbs\\\/1425765407757-oj3u7jj5sba7yh6sxgr3jq570kn1q0glackksfjplk.jpg\",\"datePublished\":\"2020-02-07T20:08:48+00:00\",\"dateModified\":\"2020-04-01T18:33:29+00:00\",\"description\":\"Villa veli nova croatia hvar jelsa zavala beach rooms apartment seaview beach sea adriatic wine beer food breakfast romantic cool harbor port village\",\"breadcrumb\":{\"@id\":\"https:\\\/\\\/villaveli.com\\\/en\\\/arrival#breadcrumb\"},\"inLanguage\":\"en-US\",\"potentialAction\":[{\"@type\":\"ReadAction\",\"target\":[\"https:\\\/\\\/villaveli.com\\\/en\\\/arrival\"]}]},{\"@type\":\"ImageObject\",\"inLanguage\":\"en-US\",\"@id\":\"https:\\\/\\\/villaveli.com\\\/en\\\/arrival#primaryimage\",\"url\":\"https:\\\/\\\/villaveli.com\\\/wp-content\\\/uploads\\\/elementor\\\/thumbs\\\/1425765407757-oj3u7jj5sba7yh6sxgr3jq570kn1q0glackksfjplk.jpg\",\"contentUrl\":\"https:\\\/\\\/villaveli.com\\\/wp-content\\\/uploads\\\/elementor\\\/thumbs\\\/1425765407757-oj3u7jj5sba7yh6sxgr3jq570kn1q0glackksfjplk.jpg\"},{\"@type\":\"BreadcrumbList\",\"@id\":\"https:\\\/\\\/villaveli.com\\\/en\\\/arrival#breadcrumb\",\"itemListElement\":[{\"@type\":\"ListItem\",\"position\":1,\"name\":\"Startseite\",\"item\":\"https:\\\/\\\/villaveli.com\\\/en\"},{\"@type\":\"ListItem\",\"position\":2,\"name\":\"Imprint\"}]},{\"@type\":\"WebSite\",\"@id\":\"https:\\\/\\\/villaveli.com\\\/en#website\",\"url\":\"https:\\\/\\\/villaveli.com\\\/en\",\"name\":\"Villa Veli\",\"description\":\"Urlaub und Ferien in Kroatien\",\"publisher\":{\"@id\":\"https:\\\/\\\/villaveli.com\\\/en#\\\/schema\\\/person\\\/f6df314f1a3709403d25f722f864e849\"},\"potentialAction\":[{\"@type\":\"SearchAction\",\"target\":{\"@type\":\"EntryPoint\",\"urlTemplate\":\"https:\\\/\\\/villaveli.com\\\/en?s={search_term_string}\"},\"query-input\":{\"@type\":\"PropertyValueSpecification\",\"valueRequired\":true,\"valueName\":\"search_term_string\"}}],\"inLanguage\":\"en-US\"},{\"@type\":[\"Person\",\"Organization\"],\"@id\":\"https:\\\/\\\/villaveli.com\\\/en#\\\/schema\\\/person\\\/f6df314f1a3709403d25f722f864e849\",\"name\":\"vV_dB\",\"image\":{\"@type\":\"ImageObject\",\"inLanguage\":\"en-US\",\"@id\":\"https:\\\/\\\/villaveli.com\\\/wp-content\\\/uploads\\\/2020\\\/01\\\/LogoVillaVeli.svg\",\"url\":\"https:\\\/\\\/villaveli.com\\\/wp-content\\\/uploads\\\/2020\\\/01\\\/LogoVillaVeli.svg\",\"contentUrl\":\"https:\\\/\\\/villaveli.com\\\/wp-content\\\/uploads\\\/2020\\\/01\\\/LogoVillaVeli.svg\",\"width\":395,\"height\":104,\"caption\":\"vV_dB\"},\"logo\":{\"@id\":\"https:\\\/\\\/villaveli.com\\\/wp-content\\\/uploads\\\/2020\\\/01\\\/LogoVillaVeli.svg\"}}]}<\/script>\n<!-- \/ Yoast SEO plugin. -->","yoast_head_json":{"title":"Croatia Hvar holiday vacation guesthouse hotel rooms seaview beach","description":"Villa veli nova croatia hvar jelsa zavala beach rooms apartment seaview beach sea adriatic wine beer food breakfast romantic cool harbor port village","robots":{"index":"index","follow":"follow","max-snippet":"max-snippet:-1","max-image-preview":"max-image-preview:large","max-video-preview":"max-video-preview:-1"},"canonical":"https:\/\/villaveli.com\/en\/arrival","og_locale":"en_US","og_type":"article","og_title":"Croatia Hvar holiday vacation guesthouse hotel rooms seaview beach","og_description":"Villa veli nova croatia hvar jelsa zavala beach rooms apartment seaview beach sea adriatic wine beer food breakfast romantic cool harbor port village","og_url":"https:\/\/villaveli.com\/en\/arrival","og_site_name":"Villa Veli","article_modified_time":"2020-04-01T18:33:29+00:00","og_image":[{"url":"https:\/\/villaveli.com\/wp-content\/uploads\/elementor\/thumbs\/1425765407757-oj3u7jj5sba7yh6sxgr3jq570kn1q0glackksfjplk.jpg","type":"","width":"","height":""}],"twitter_card":"summary_large_image","twitter_misc":{"Est. reading time":"6 minutes"},"schema":{"@context":"https:\/\/schema.org","@graph":[{"@type":"WebPage","@id":"https:\/\/villaveli.com\/en\/arrival","url":"https:\/\/villaveli.com\/en\/arrival","name":"Croatia Hvar holiday vacation guesthouse hotel rooms seaview beach","isPartOf":{"@id":"https:\/\/villaveli.com\/en#website"},"primaryImageOfPage":{"@id":"https:\/\/villaveli.com\/en\/arrival#primaryimage"},"image":{"@id":"https:\/\/villaveli.com\/en\/arrival#primaryimage"},"thumbnailUrl":"https:\/\/villaveli.com\/wp-content\/uploads\/elementor\/thumbs\/1425765407757-oj3u7jj5sba7yh6sxgr3jq570kn1q0glackksfjplk.jpg","datePublished":"2020-02-07T20:08:48+00:00","dateModified":"2020-04-01T18:33:29+00:00","description":"Villa veli nova croatia hvar jelsa zavala beach rooms apartment seaview beach sea adriatic wine beer food breakfast romantic cool harbor port village","breadcrumb":{"@id":"https:\/\/villaveli.com\/en\/arrival#breadcrumb"},"inLanguage":"en-US","potentialAction":[{"@type":"ReadAction","target":["https:\/\/villaveli.com\/en\/arrival"]}]},{"@type":"ImageObject","inLanguage":"en-US","@id":"https:\/\/villaveli.com\/en\/arrival#primaryimage","url":"https:\/\/villaveli.com\/wp-content\/uploads\/elementor\/thumbs\/1425765407757-oj3u7jj5sba7yh6sxgr3jq570kn1q0glackksfjplk.jpg","contentUrl":"https:\/\/villaveli.com\/wp-content\/uploads\/elementor\/thumbs\/1425765407757-oj3u7jj5sba7yh6sxgr3jq570kn1q0glackksfjplk.jpg"},{"@type":"BreadcrumbList","@id":"https:\/\/villaveli.com\/en\/arrival#breadcrumb","itemListElement":[{"@type":"ListItem","position":1,"name":"Startseite","item":"https:\/\/villaveli.com\/en"},{"@type":"ListItem","position":2,"name":"Imprint"}]},{"@type":"WebSite","@id":"https:\/\/villaveli.com\/en#website","url":"https:\/\/villaveli.com\/en","name":"Villa Veli","description":"Urlaub und Ferien in Kroatien","publisher":{"@id":"https:\/\/villaveli.com\/en#\/schema\/person\/f6df314f1a3709403d25f722f864e849"},"potentialAction":[{"@type":"SearchAction","target":{"@type":"EntryPoint","urlTemplate":"https:\/\/villaveli.com\/en?s={search_term_string}"},"query-input":{"@type":"PropertyValueSpecification","valueRequired":true,"valueName":"search_term_string"}}],"inLanguage":"en-US"},{"@type":["Person","Organization"],"@id":"https:\/\/villaveli.com\/en#\/schema\/person\/f6df314f1a3709403d25f722f864e849","name":"vV_dB","image":{"@type":"ImageObject","inLanguage":"en-US","@id":"https:\/\/villaveli.com\/wp-content\/uploads\/2020\/01\/LogoVillaVeli.svg","url":"https:\/\/villaveli.com\/wp-content\/uploads\/2020\/01\/LogoVillaVeli.svg","contentUrl":"https:\/\/villaveli.com\/wp-content\/uploads\/2020\/01\/LogoVillaVeli.svg","width":395,"height":104,"caption":"vV_dB"},"logo":{"@id":"https:\/\/villaveli.com\/wp-content\/uploads\/2020\/01\/LogoVillaVeli.svg"}}]}},"_links":{"self":[{"href":"https:\/\/villaveli.com\/en\/wp-json\/wp\/v2\/pages\/983","targetHints":{"allow":["GET"]}}],"collection":[{"href":"https:\/\/villaveli.com\/en\/wp-json\/wp\/v2\/pages"}],"about":[{"href":"https:\/\/villaveli.com\/en\/wp-json\/wp\/v2\/types\/page"}],"author":[{"embeddable":true,"href":"https:\/\/villaveli.com\/en\/wp-json\/wp\/v2\/users\/2"}],"replies":[{"embeddable":true,"href":"https:\/\/villaveli.com\/en\/wp-json\/wp\/v2\/comments?post=983"}],"version-history":[{"count":3,"href":"https:\/\/villaveli.com\/en\/wp-json\/wp\/v2\/pages\/983\/revisions"}],"predecessor-version":[{"id":1280,"href":"https:\/\/villaveli.com\/en\/wp-json\/wp\/v2\/pages\/983\/revisions\/1280"}],"wp:attachment":[{"href":"https:\/\/villaveli.com\/en\/wp-json\/wp\/v2\/media?parent=983"}],"curies":[{"name":"wp","href":"https:\/\/api.w.org\/{rel}","templated":true}]}}